{"id":6,"date":"2014-02-06T02:18:51","date_gmt":"2014-02-06T02:18:51","guid":{"rendered":"http:\/\/www.vinetasparavivir.com\/?page_id=6"},"modified":"2024-01-19T15:44:37","modified_gmt":"2024-01-19T15:44:37","slug":"inicio","status":"publish","type":"page","link":"https:\/\/vi\u00f1etasparavivir.com\/www","title":{"rendered":"Inicio"},"content":{"rendered":"\t\t<div data-elementor-type=\"wp-page\" data-elementor-id=\"6\" class=\"elementor elementor-6\" data-elementor-settings=\"[]\">\n\t\t\t<div class=\"elementor-inner\">\n\t\t\t\t<div class=\"elementor-section-wrap\">\n\t\t\t\t\t\t\t<section class=\"elementor-element elementor-element-be660d6 elementor-section-stretched elementor-section-full_width elementor-section-height-default elementor-section-height-default elementor-section elementor-top-section\" data-id=\"be660d6\" data-element_type=\"section\" data-settings=\"{&quot;stretch_section&quot;:&quot;section-stretched&quot;,&quot;background_background&quot;:&quot;classic&quot;}\">\n\t\t\t\t\t\t<div class=\"elementor-container elementor-column-gap-default\">\n\t\t\t\t<div class=\"elementor-row\">\n\t\t\t\t<div class=\"elementor-element elementor-element-ffd09ee elementor-column elementor-col-100 elementor-top-column\" data-id=\"ffd09ee\" data-element_type=\"column\">\n\t\t\t<div class=\"elementor-column-wrap  elementor-element-populated\">\n\t\t\t\t\t<div class=\"elementor-widget-wrap\">\n\t\t\t\t<div class=\"elementor-element elementor-element-d72e99e elementor-widget elementor-widget-text-editor\" data-id=\"d72e99e\" data-element_type=\"widget\" data-widget_type=\"text-editor.default\">\n\t\t\t\t<div class=\"elementor-widget-container\">\n\t\t\t\t\t<div class=\"elementor-text-editor elementor-clearfix\"><p style=\"text-align: center;\">SUBSCR\u00cdBETE AL BOLET\u00cdN Y RECIBE <br \/>UN MINI REGALO EN VI\u00d1ETAS<\/p><\/div>\n\t\t\t\t<\/div>\n\t\t\t\t<\/div>\n\t\t\t\t<div class=\"elementor-element elementor-element-82c8c5a elementor-align-center elementor-widget elementor-widget-button\" data-id=\"82c8c5a\" data-element_type=\"widget\" data-widget_type=\"button.default\">\n\t\t\t\t<div class=\"elementor-widget-container\">\n\t\t\t\t\t<div class=\"elementor-button-wrapper\">\n\t\t\t<a href=\"https:\/\/raquelballesteros.us4.list-manage.com\/subscribe?u=b91cbd4716a27dd76a75b4d62&#038;id=171bea4c55\" target=\"_blank\" class=\"elementor-button-link elementor-button elementor-size-sm\" role=\"button\">\n\t\t\t\t\t\t<span class=\"elementor-button-content-wrapper\">\n\t\t\t\t\t\t<span class=\"elementor-button-text\">SUSCR\u00cdBETE !!!<\/span>\n\t\t<\/span>\n\t\t\t\t\t<\/a>\n\t\t<\/div>\n\t\t\t\t<\/div>\n\t\t\t\t<\/div>\n\t\t\t\t\t\t<\/div>\n\t\t\t<\/div>\n\t\t<\/div>\n\t\t\t\t\t\t<\/div>\n\t\t\t<\/div>\n\t\t<\/section>\n\t\t\t\t<section class=\"elementor-element elementor-element-3b5a52f elementor-section-boxed elementor-section-height-default elementor-section-height-default elementor-section elementor-top-section\" data-id=\"3b5a52f\" data-element_type=\"section\">\n\t\t\t\t\t\t<div class=\"elementor-container elementor-column-gap-default\">\n\t\t\t\t<div class=\"elementor-row\">\n\t\t\t\t<div class=\"elementor-element elementor-element-d88c4b1 elementor-column elementor-col-100 elementor-top-column\" data-id=\"d88c4b1\" data-element_type=\"column\">\n\t\t\t<div class=\"elementor-column-wrap  elementor-element-populated\">\n\t\t\t\t\t<div class=\"elementor-widget-wrap\">\n\t\t\t\t<div class=\"elementor-element elementor-element-8d1cc48 elementor-widget elementor-widget-text-editor\" data-id=\"8d1cc48\" data-element_type=\"widget\" data-widget_type=\"text-editor.default\">\n\t\t\t\t<div class=\"elementor-widget-container\">\n\t\t\t\t\t<div class=\"elementor-text-editor elementor-clearfix\"><p style=\"text-align: center;\"><span style=\"color: #7fa6d4;\">Pon un poco de humor y normalidad a las dificultades que tod@s tenemos.<\/span><br \/><span style=\"color: #33506d;\">Si\u00e9ntete reflejad@ y aprende nuevas maneras de enfocar la vida.<\/span><br \/><span style=\"color: #f7c58b;\">\u00a1A trav\u00e9s de las Vi\u00f1etas!<\/span><\/p><\/div>\n\t\t\t\t<\/div>\n\t\t\t\t<\/div>\n\t\t\t\t\t\t<\/div>\n\t\t\t<\/div>\n\t\t<\/div>\n\t\t\t\t\t\t<\/div>\n\t\t\t<\/div>\n\t\t<\/section>\n\t\t\t\t<section class=\"elementor-element elementor-element-1756991 elementor-section-stretched elementor-section-full_width elementor-section-height-default elementor-section-height-default elementor-section elementor-top-section\" data-id=\"1756991\" data-element_type=\"section\" data-settings=\"{&quot;stretch_section&quot;:&quot;section-stretched&quot;}\">\n\t\t\t\t\t\t<div class=\"elementor-container elementor-column-gap-default\">\n\t\t\t\t<div class=\"elementor-row\">\n\t\t\t\t<div class=\"elementor-element elementor-element-daab29d elementor-column elementor-col-33 elementor-top-column\" data-id=\"daab29d\" data-element_type=\"column\">\n\t\t\t<div class=\"elementor-column-wrap  elementor-element-populated\">\n\t\t\t\t\t<div class=\"elementor-widget-wrap\">\n\t\t\t\t<div class=\"elementor-element elementor-element-1a1112c elementor-widget elementor-widget-image\" data-id=\"1a1112c\" data-element_type=\"widget\" data-widget_type=\"image.default\">\n\t\t\t\t<div class=\"elementor-widget-container\">\n\t\t\t\t\t<div class=\"elementor-image\">\n\t\t\t\t\t\t\t\t\t\t\t<a href=\"https:\/\/vi\u00f1etasparavivir.com\/www\/libros\">\n\t\t\t\t\t\t\t<img loading=\"lazy\" decoding=\"async\" width=\"300\" height=\"300\" src=\"https:\/\/vi\u00f1etasparavivir.com\/wp-content\/uploads\/2020\/12\/icono-01-libros-2-300x300.png\" class=\"attachment-medium size-medium\" alt=\"\" srcset=\"https:\/\/vi\u00f1etasparavivir.com\/wp-content\/uploads\/2020\/12\/icono-01-libros-2.png 300w, https:\/\/vi\u00f1etasparavivir.com\/wp-content\/uploads\/2020\/12\/icono-01-libros-2-150x150.png 150w\" sizes=\"(max-width: 300px) 100vw, 300px\" \/>\t\t\t\t\t\t\t\t<\/a>\n\t\t\t\t\t\t\t\t\t\t\t<\/div>\n\t\t\t\t<\/div>\n\t\t\t\t<\/div>\n\t\t\t\t<div class=\"elementor-element elementor-element-d497902 elementor-widget elementor-widget-heading\" data-id=\"d497902\" data-element_type=\"widget\" data-widget_type=\"heading.default\">\n\t\t\t\t<div class=\"elementor-widget-container\">\n\t\t\t<h2 class=\"elementor-heading-title elementor-size-default\"><a href=\"https:\/\/www.vinetasparavivir.com\/libros\">LIBROS<\/a><\/h2>\t\t<\/div>\n\t\t\t\t<\/div>\n\t\t\t\t\t\t<\/div>\n\t\t\t<\/div>\n\t\t<\/div>\n\t\t\t\t<div class=\"elementor-element elementor-element-80034ae elementor-column elementor-col-33 elementor-top-column\" data-id=\"80034ae\" data-element_type=\"column\">\n\t\t\t<div class=\"elementor-column-wrap  elementor-element-populated\">\n\t\t\t\t\t<div class=\"elementor-widget-wrap\">\n\t\t\t\t<div class=\"elementor-element elementor-element-99bae51 elementor-widget elementor-widget-image\" data-id=\"99bae51\" data-element_type=\"widget\" data-widget_type=\"image.default\">\n\t\t\t\t<div class=\"elementor-widget-container\">\n\t\t\t\t\t<div class=\"elementor-image\">\n\t\t\t\t\t\t\t\t\t\t\t<a href=\"https:\/\/vi\u00f1etasparavivir.com\/www\/talleres\">\n\t\t\t\t\t\t\t<img loading=\"lazy\" decoding=\"async\" width=\"300\" height=\"300\" src=\"https:\/\/vi\u00f1etasparavivir.com\/wp-content\/uploads\/2020\/12\/icono-02-talleres-300x300.png\" class=\"attachment-medium size-medium\" alt=\"\" srcset=\"https:\/\/vi\u00f1etasparavivir.com\/wp-content\/uploads\/2020\/12\/icono-02-talleres.png 300w, https:\/\/vi\u00f1etasparavivir.com\/wp-content\/uploads\/2020\/12\/icono-02-talleres-150x150.png 150w\" sizes=\"(max-width: 300px) 100vw, 300px\" \/>\t\t\t\t\t\t\t\t<\/a>\n\t\t\t\t\t\t\t\t\t\t\t<\/div>\n\t\t\t\t<\/div>\n\t\t\t\t<\/div>\n\t\t\t\t<div class=\"elementor-element elementor-element-cc0cd7a elementor-widget elementor-widget-heading\" data-id=\"cc0cd7a\" data-element_type=\"widget\" data-widget_type=\"heading.default\">\n\t\t\t\t<div class=\"elementor-widget-container\">\n\t\t\t<h2 class=\"elementor-heading-title elementor-size-default\"><a href=\"https:\/\/www.vinetasparavivir.com\/talleres\">TALLERES ASERTIVIDAD \nY EMOCIONES<\/a><\/h2>\t\t<\/div>\n\t\t\t\t<\/div>\n\t\t\t\t\t\t<\/div>\n\t\t\t<\/div>\n\t\t<\/div>\n\t\t\t\t<div class=\"elementor-element elementor-element-5e60b0e elementor-column elementor-col-33 elementor-top-column\" data-id=\"5e60b0e\" data-element_type=\"column\">\n\t\t\t<div class=\"elementor-column-wrap  elementor-element-populated\">\n\t\t\t\t\t<div class=\"elementor-widget-wrap\">\n\t\t\t\t<div class=\"elementor-element elementor-element-d4eeec0 elementor-widget elementor-widget-image\" data-id=\"d4eeec0\" data-element_type=\"widget\" data-widget_type=\"image.default\">\n\t\t\t\t<div class=\"elementor-widget-container\">\n\t\t\t\t\t<div class=\"elementor-image\">\n\t\t\t\t\t\t\t\t\t\t\t<a href=\"https:\/\/vi\u00f1etasparavivir.com\/www\/blog\">\n\t\t\t\t\t\t\t<img loading=\"lazy\" decoding=\"async\" width=\"300\" height=\"300\" src=\"https:\/\/vi\u00f1etasparavivir.com\/wp-content\/uploads\/2020\/12\/icono-03-blog-300x300.png\" class=\"attachment-medium size-medium\" alt=\"\" srcset=\"https:\/\/vi\u00f1etasparavivir.com\/wp-content\/uploads\/2020\/12\/icono-03-blog.png 300w, https:\/\/vi\u00f1etasparavivir.com\/wp-content\/uploads\/2020\/12\/icono-03-blog-150x150.png 150w\" sizes=\"(max-width: 300px) 100vw, 300px\" \/>\t\t\t\t\t\t\t\t<\/a>\n\t\t\t\t\t\t\t\t\t\t\t<\/div>\n\t\t\t\t<\/div>\n\t\t\t\t<\/div>\n\t\t\t\t<div class=\"elementor-element elementor-element-f9643ae elementor-widget elementor-widget-heading\" data-id=\"f9643ae\" data-element_type=\"widget\" data-widget_type=\"heading.default\">\n\t\t\t\t<div class=\"elementor-widget-container\">\n\t\t\t<h2 class=\"elementor-heading-title elementor-size-default\"><a href=\"https:\/\/www.vinetasparavivir.com\/blog\">BLOG<\/a><\/h2>\t\t<\/div>\n\t\t\t\t<\/div>\n\t\t\t\t\t\t<\/div>\n\t\t\t<\/div>\n\t\t<\/div>\n\t\t\t\t\t\t<\/div>\n\t\t\t<\/div>\n\t\t<\/section>\n\t\t\t\t<section class=\"elementor-element elementor-element-9263831 elementor-section-stretched elementor-section-boxed elementor-section-height-default elementor-section-height-default elementor-section elementor-top-section\" data-id=\"9263831\" data-element_type=\"section\" data-settings=\"{&quot;stretch_section&quot;:&quot;section-stretched&quot;,&quot;background_background&quot;:&quot;classic&quot;}\">\n\t\t\t\t\t\t<div class=\"elementor-container elementor-column-gap-default\">\n\t\t\t\t<div class=\"elementor-row\">\n\t\t\t\t<div class=\"elementor-element elementor-element-8efc29e elementor-column elementor-col-100 elementor-top-column\" data-id=\"8efc29e\" data-element_type=\"column\">\n\t\t\t<div class=\"elementor-column-wrap  elementor-element-populated\">\n\t\t\t\t\t<div class=\"elementor-widget-wrap\">\n\t\t\t\t<div class=\"elementor-element elementor-element-800efb1 elementor-widget elementor-widget-image\" data-id=\"800efb1\" data-element_type=\"widget\" data-widget_type=\"image.default\">\n\t\t\t\t<div class=\"elementor-widget-container\">\n\t\t\t\t\t<div class=\"elementor-image\">\n\t\t\t\t\t\t\t\t\t\t<img loading=\"lazy\" decoding=\"async\" width=\"300\" height=\"300\" src=\"https:\/\/vi\u00f1etasparavivir.com\/wp-content\/uploads\/2021\/01\/Raquel-Ballesteros-contacto-300x300.png\" class=\"attachment-medium size-medium\" alt=\"\" srcset=\"https:\/\/vi\u00f1etasparavivir.com\/wp-content\/uploads\/2021\/01\/Raquel-Ballesteros-contacto-300x300.png 300w, https:\/\/vi\u00f1etasparavivir.com\/wp-content\/uploads\/2021\/01\/Raquel-Ballesteros-contacto-150x150.png 150w, https:\/\/vi\u00f1etasparavivir.com\/wp-content\/uploads\/2021\/01\/Raquel-Ballesteros-contacto.png 600w\" sizes=\"(max-width: 300px) 100vw, 300px\" \/>\t\t\t\t\t\t\t\t\t\t\t<\/div>\n\t\t\t\t<\/div>\n\t\t\t\t<\/div>\n\t\t\t\t<div class=\"elementor-element elementor-element-6a0d5c4 elementor-widget elementor-widget-text-editor\" data-id=\"6a0d5c4\" data-element_type=\"widget\" data-widget_type=\"text-editor.default\">\n\t\t\t\t<div class=\"elementor-widget-container\">\n\t\t\t\t\t<div class=\"elementor-text-editor elementor-clearfix\"><p style=\"text-align: center;\"><span style=\"color: #ffffff;\">Y si deseas profundizar puedes visitarme en:<\/span><br \/><a href=\"http:\/\/www.raquelballesteros.com\/\">www.raquelballesteros.com<\/a><br \/><span style=\"color: #ffffff;\">O escribirme a:<\/span><br \/><a href=\"mailto:info@raquelballesteros.com\">info@raquelballesteros.com<\/a><\/p><\/div>\n\t\t\t\t<\/div>\n\t\t\t\t<\/div>\n\t\t\t\t<div class=\"elementor-element elementor-element-b16950c elementor-align-center elementor-widget elementor-widget-button\" data-id=\"b16950c\" data-element_type=\"widget\" data-widget_type=\"button.default\">\n\t\t\t\t<div class=\"elementor-widget-container\">\n\t\t\t\t\t<div class=\"elementor-button-wrapper\">\n\t\t\t<a href=\"https:\/\/vi\u00f1etasparavivir.com\/www\/contacto\" class=\"elementor-button-link elementor-button elementor-size-sm\" role=\"button\">\n\t\t\t\t\t\t<span class=\"elementor-button-content-wrapper\">\n\t\t\t\t\t\t<span class=\"elementor-button-text\">\u00bfQUI\u00c9N SOY?<\/span>\n\t\t<\/span>\n\t\t\t\t\t<\/a>\n\t\t<\/div>\n\t\t\t\t<\/div>\n\t\t\t\t<\/div>\n\t\t\t\t\t\t<\/div>\n\t\t\t<\/div>\n\t\t<\/div>\n\t\t\t\t\t\t<\/div>\n\t\t\t<\/div>\n\t\t<\/section>\n\t\t\t\t\t\t<\/div>\n\t\t\t<\/div>\n\t\t<\/div>\n\t\t","protected":false},"excerpt":{"rendered":"<p>SUBSCR\u00cdBETE AL BOLET\u00cdN Y RECIBE UN MINI REGALO EN VI\u00d1ETAS SUSCR\u00cdBETE !!! Pon un poco de humor y normalidad a las dificultades que tod@s tenemos.Si\u00e9ntete reflejad@ y aprende nuevas maneras de enfocar la vida.\u00a1A trav\u00e9s de las Vi\u00f1etas! LIBROS TALLERES ASERTIVIDAD Y EMOCIONES BLOG Y si deseas profundizar puedes visitarme en:www.raquelballesteros.comO escribirme a:info@raquelballesteros.com \u00bfQUI\u00c9N SOY?<\/p>\n","protected":false},"author":1,"featured_media":0,"parent":0,"menu_order":0,"comment_status":"closed","ping_status":"open","template":"","meta":{"footnotes":""},"_links":{"self":[{"href":"https:\/\/vi\u00f1etasparavivir.com\/www\/wp-json\/wp\/v2\/pages\/6"}],"collection":[{"href":"https:\/\/vi\u00f1etasparavivir.com\/www\/wp-json\/wp\/v2\/pages"}],"about":[{"href":"https:\/\/vi\u00f1etasparavivir.com\/www\/wp-json\/wp\/v2\/types\/page"}],"author":[{"embeddable":true,"href":"https:\/\/vi\u00f1etasparavivir.com\/www\/wp-json\/wp\/v2\/users\/1"}],"replies":[{"embeddable":true,"href":"https:\/\/vi\u00f1etasparavivir.com\/www\/wp-json\/wp\/v2\/comments?post=6"}],"version-history":[{"count":103,"href":"https:\/\/vi\u00f1etasparavivir.com\/www\/wp-json\/wp\/v2\/pages\/6\/revisions"}],"predecessor-version":[{"id":2767,"href":"https:\/\/vi\u00f1etasparavivir.com\/www\/wp-json\/wp\/v2\/pages\/6\/revisions\/2767"}],"wp:attachment":[{"href":"https:\/\/vi\u00f1etasparavivir.com\/www\/wp-json\/wp\/v2\/media?parent=6"}],"curies":[{"name":"wp","href":"https:\/\/api.w.org\/{rel}","templated":true}]}}